{"id":199,"date":"2024-12-09T13:44:00","date_gmt":"2024-12-09T13:44:00","guid":{"rendered":"https:\/\/plinko-ball.games\/?page_id=199"},"modified":"2024-12-09T13:44:58","modified_gmt":"2024-12-09T13:44:58","slug":"contact-us","status":"publish","type":"page","link":"https:\/\/plinko-ball.games\/ro\/contact-us\/","title":{"rendered":"Contacta\u021bi-ne"},"content":{"rendered":"<script data-noptimize=\"\" data-wpfc-render=\"false\">\n\/* <![CDATA[ *\/\nfpm_start( \"true\" );\n\/* ]]> *\/\n<\/script>\n<div class=\"fpm_start\"><\/div>\n<div style=\"display:none\" class=\"fm-form-container fm-theme1\"><div id=\"fm-pages1\" class=\"fm-pages wdform_page_navigation\" show_title=\"\" show_numbers=\"1\" type=\"none\"><\/div><form name=\"form1\" action=\"\/wp-json\/wp\/v2\/pages\/199\/\" method=\"post\" id=\"form1\" class=\"fm-form form1\" enctype=\"multipart\/form-data\" data-trp-original-action=\"\/ro\/wp-json\/wp\/v2\/pages\/199\/\"><input type=\"hidden\" id=\"counter1\" value=\"7\" name=\"counter1\" \/><input type=\"hidden\" id=\"Itemid1\" value=\"\" name=\"Itemid1\" \/><input type=\"text\" class=\"fm-hide\" id=\"fm_bot_validation1\" value=\"\" name=\"fm_bot_validation1\" \/><input type=\"text\" class=\"fm-hide\" id=\"fm_empty_field_validation1\" value=\"\" name=\"fm_empty_field_validation1\" data-value=\"c782b8e79ac728c6fcaa9ea465f462cc\" \/><input type=\"hidden\" id=\"fm_form_nonce1\" name=\"fm_form_nonce1\" value=\"55c9ee302a\" \/><input type=\"hidden\" name=\"_wp_http_referer\" value=\"\/ro\/wp-json\/wp\/v2\/pages\/199\/\" \/><div class=\"fm-header-bg\"><div class=\"fm-header\"><div class=\"fm-header-text\">          <div class=\"fm-header-title\">                      <\/div>          <div class=\"fm-header-description\">            Dac\u0103 ave\u021bi nevoie de asisten\u021b\u0103 profesional\u0103, dac\u0103 ave\u021bi \u00eentreb\u0103ri sau dac\u0103 dori\u021bi s\u0103 \u00eemp\u0103rt\u0103\u0219i\u021bi comentarii sau feedback, v\u0103 invit\u0103m s\u0103 utiliza\u021bi formularul pus la dispozi\u021bie. Nu ezita\u021bi s\u0103 \u00eel completa\u021bi oric\u00e2nd dori\u021bi.          <\/div>        <\/div><\/div><\/div><div class=\"wdform-page-and-images fm-form-builder\"><div id=\"1form_view1\" class=\"wdform_page\" page_title=\"Untitled page\" next_title=\"Next\" next_type=\"text\" next_class=\"wdform-page-button\" next_checkable=\"true\" previous_title=\"Previous\" previous_type=\"text\" previous_class=\"wdform-page-button\" previous_checkable=\"false\"><div class=\"wdform_section\"><div class=\"wdform_column\"><div wdid=\"4\" class=\"wdform_row\" style=\"position: relative; left: 0px; top: 0px;\"><div type=\"type_text\" class=\"wdform-field wd-width-100 wd-flex wd-flex-column\"><div class=\"wdform-label-section wd-width-100  wd-flex-row wd-align-items-center\">    <label  for=\"wdform_4_element1\" class=\"wdform-label\">Subiect<\/label><span class=\"wdform-required\">*<\/span><\/div><div class=\"wdform-element-section wd-flex  wd-flex-row wd-align-items-center wd-width-100\" ><input type=\"text\"                           class=\"wd-width-100\"                           id=\"wdform_4_element1\"                           name=\"wdform_4_element1\"                           value=\"\"                           title=\"\"                           placeholder=\"\"                                                       \/><\/div><\/div><\/div><\/div><div class=\"wdform_column\"><div wdid=\"2\" class=\"wdform_row\"><div type=\"type_text\" class=\"wdform-field wd-width-100 wd-flex wd-flex-column\"><div class=\"wdform-label-section wd-width-100  wd-flex-row wd-align-items-center\">    <label  for=\"wdform_2_element1\" class=\"wdform-label\">Nume \u0219i prenume<\/label><span class=\"wdform-required\">*<\/span><\/div><div class=\"wdform-element-section wd-flex  wd-flex-row wd-align-items-center wd-width-100\" ><input type=\"text\"                           class=\"wd-width-100\"                           id=\"wdform_2_element1\"                           name=\"wdform_2_element1\"                           value=\"\"                           title=\"\"                           placeholder=\"\"                                                       \/><\/div><\/div><\/div><\/div><div class=\"wdform_column\"><div wdid=\"3\" class=\"wdform_row\"><div type=\"type_submitter_mail\" class=\"wdform-field wd-width-100 wd-flex wd-flex-column\"><div class=\"wdform-label-section wd-width-100  wd-flex-row\">    <label  for=\"wdform_3_element1\" class=\"wdform-label\">E-mail<\/label><span class=\"wdform-required\">*<\/span><\/div><div class=\"wdform-element-section wd-flex  wd-flex-row wd-width-100\" ><input type=\"text\" class=\"wd-width-100\" id=\"wdform_3_element1\" name=\"wdform_3_element1\" value=\"\" title=\"\" placeholder=\"\"   onchange=\"wd_check_email('3', '1', 'This is not a valid email address.')\" \/><\/div><\/div><\/div><\/div><div class=\"wdform_column\"><div wdid=\"5\" class=\"wdform_row\" style=\"position: relative; left: 0px; top: 0px;\"><div type=\"type_textarea\" class=\"wdform-field wd-width-100 wd-flex wd-flex-column\"><div class=\"wdform-label-section wd-width-100\">    <label  for=\"wdform_5_element1\" class=\"wdform-label\">Mesaj<\/label><span class=\"wdform-required\">*<\/span><\/div><div class=\"wdform-element-section wd-flex  wd-width-100\" ><textarea class=\"wd-width-100\"                      id=\"wdform_5_element1\"                      name=\"wdform_5_element1\"                      placeholder=\"\"                      style=\"height: 100px;\"                      ><\/textarea><\/div><\/div><\/div><\/div><div class=\"wdform_column\"><div wdid=\"6\" class=\"wdform_row\"><div type=\"type_recaptcha\" class=\"wdform-field wd-width-100 wd-flex wd-flex-row\"><div class=\"wdform-label-section wd-width-30 wd-flex-row wd-hidden\">    <label  class=\"wdform-label\">reCAPTCHA<\/label><\/div><div class=\"wdform-element-section wd-flex wd-flex-row wd-width-100\" ><div id=\"recaptcha16\" class=\"g-recaptcha\" data-sitekey=\"6LcdBz0qAAAAAK4W2y_iXePqBOY-g28xQlLSTK4w\" data-form_id=\"1\" data-badge=\"bottomright\"><\/div><\/div><\/div><\/div><div wdid=\"1\" class=\"wdform_row\" style=\"position: relative; left: 0px; top: 0px;\"><div type=\"type_submit_reset\" class=\"wdform-field wd-width-100 wd-flex wd-flex-column\"><div class=\"wdform-element-section wd-flex  wd-flex-row wd-justify-content-left wd-width-100\" ><button  type=\"button\" class=\"button-submit\" onclick=\"fm_submit_form('1');\"  data-ajax=\"0\"><span class=\"fm-submit-loading spinner fm-ico-spinner\"><\/span>Trimite<\/button><button  type=\"button\" class=\"button-reset wd-hidden\" onclick=\"fm_reset_form(1);\" >Resetare<\/button><\/div><\/div><\/div><\/div><\/div><div valign=\"top\" class=\"wdform_footer wd-width-100\"><div class=\"wd-width-100\"><div class=\"wd-width-100 wd-table\" style=\"padding-top:10px;\"><div class=\"wd-table-group\"><div id=\"1page_nav1\" class=\"wd-table-row\"><\/div><\/div><\/div><\/div><\/div><\/div><\/div><div class=\"wdform_preload\"><\/div><input type=\"hidden\" name=\"trp-form-language\" value=\"ro\"\/><\/form><\/div>\n<div class=\"fpm_end\"><\/div>","protected":false},"excerpt":{"rendered":"","protected":false},"author":1,"featured_media":0,"parent":0,"menu_order":0,"comment_status":"closed","ping_status":"closed","template":"page-no-sidebar.php","meta":{"footnotes":""},"class_list":["post-199","page","type-page","status-publish","hentry"],"yoast_head":"<!-- This site is optimized with the Yoast SEO plugin v23.7 - https:\/\/yoast.com\/wordpress\/plugins\/seo\/ -->\n<title>Contact Us - plinko-ball.games<\/title>\n<meta name=\"description\" content=\"Should you have inquiries, issues, or suggestions, feel free to get in touch with the plinkoball.games team. Simply use the form to reach out to us today.\" \/>\n<meta name=\"robots\" content=\"index, follow, max-snippet:-1, max-image-preview:large, max-video-preview:-1\" \/>\n<link rel=\"canonical\" href=\"https:\/\/plinko-ball.games\/ro\/contact-us\/\" \/>\n<meta property=\"og:locale\" content=\"ro_RO\" \/>\n<meta property=\"og:type\" content=\"article\" \/>\n<meta property=\"og:title\" content=\"Contact Us - plinko-ball.games\" \/>\n<meta property=\"og:description\" content=\"Should you have inquiries, issues, or suggestions, feel free to get in touch with the plinkoball.games team. Simply use the form to reach out to us today.\" \/>\n<meta property=\"og:url\" content=\"https:\/\/plinko-ball.games\/ro\/contact-us\/\" \/>\n<meta property=\"og:site_name\" content=\"plinko-ball.games\" \/>\n<meta property=\"article:modified_time\" content=\"2024-12-09T13:44:58+00:00\" \/>\n<meta name=\"twitter:card\" content=\"summary_large_image\" \/>\n<meta name=\"twitter:label1\" content=\"Timp estimat pentru citire\" \/>\n\t<meta name=\"twitter:data1\" content=\"1 minut\" \/>\n<!-- \/ Yoast SEO plugin. -->","yoast_head_json":{"title":"Contact Us - plinko-ball.games","description":"Should you have inquiries, issues, or suggestions, feel free to get in touch with the plinkoball.games team. Simply use the form to reach out to us today.","robots":{"index":"index","follow":"follow","max-snippet":"max-snippet:-1","max-image-preview":"max-image-preview:large","max-video-preview":"max-video-preview:-1"},"canonical":"https:\/\/plinko-ball.games\/ro\/contact-us\/","og_locale":"ro_RO","og_type":"article","og_title":"Contact Us - plinko-ball.games","og_description":"Should you have inquiries, issues, or suggestions, feel free to get in touch with the plinkoball.games team. Simply use the form to reach out to us today.","og_url":"https:\/\/plinko-ball.games\/ro\/contact-us\/","og_site_name":"plinko-ball.games","article_modified_time":"2024-12-09T13:44:58+00:00","twitter_card":"summary_large_image","twitter_misc":{"Timp estimat pentru citire":"1 minut"},"schema":{"@context":"https:\/\/schema.org","@graph":[{"@type":"WebPage","@id":"https:\/\/plinko-ball.games\/contact-us\/","url":"https:\/\/plinko-ball.games\/contact-us\/","name":"Contact Us - plinko-ball.games","isPartOf":{"@id":"https:\/\/plinko-ball.games\/#website"},"datePublished":"2024-12-09T13:44:00+00:00","dateModified":"2024-12-09T13:44:58+00:00","description":"Should you have inquiries, issues, or suggestions, feel free to get in touch with the plinkoball.games team. Simply use the form to reach out to us today.","breadcrumb":{"@id":"https:\/\/plinko-ball.games\/contact-us\/#breadcrumb"},"inLanguage":"ro-RO","potentialAction":[{"@type":"ReadAction","target":["https:\/\/plinko-ball.games\/contact-us\/"]}]},{"@type":"BreadcrumbList","@id":"https:\/\/plinko-ball.games\/contact-us\/#breadcrumb","itemListElement":[{"@type":"ListItem","position":1,"name":"Plinko Slot Indonesia","item":"https:\/\/plinko-ball.games\/"},{"@type":"ListItem","position":2,"name":"Contact Us"}]},{"@type":"WebSite","@id":"https:\/\/plinko-ball.games\/#website","url":"https:\/\/plinko-ball.games\/","name":"plinko-ball.games","description":"","publisher":{"@id":"https:\/\/plinko-ball.games\/#organization"},"potentialAction":[{"@type":"SearchAction","target":{"@type":"EntryPoint","urlTemplate":"https:\/\/plinko-ball.games\/?s={search_term_string}"},"query-input":{"@type":"PropertyValueSpecification","valueRequired":true,"valueName":"search_term_string"}}],"inLanguage":"ro-RO"},{"@type":"Organization","@id":"https:\/\/plinko-ball.games\/#organization","name":"plinko-ball.games","url":"https:\/\/plinko-ball.games\/","logo":{"@type":"ImageObject","inLanguage":"ro-RO","@id":"https:\/\/plinko-ball.games\/#\/schema\/logo\/image\/","url":"https:\/\/plinko-ball.games\/wp-content\/uploads\/2024\/12\/plinko-logotype.png","contentUrl":"https:\/\/plinko-ball.games\/wp-content\/uploads\/2024\/12\/plinko-logotype.png","width":1000,"height":345,"caption":"plinko-ball.games"},"image":{"@id":"https:\/\/plinko-ball.games\/#\/schema\/logo\/image\/"}}]}},"_links":{"self":[{"href":"https:\/\/plinko-ball.games\/ro\/wp-json\/wp\/v2\/pages\/199","targetHints":{"allow":["GET"]}}],"collection":[{"href":"https:\/\/plinko-ball.games\/ro\/wp-json\/wp\/v2\/pages"}],"about":[{"href":"https:\/\/plinko-ball.games\/ro\/wp-json\/wp\/v2\/types\/page"}],"author":[{"embeddable":true,"href":"https:\/\/plinko-ball.games\/ro\/wp-json\/wp\/v2\/users\/1"}],"replies":[{"embeddable":true,"href":"https:\/\/plinko-ball.games\/ro\/wp-json\/wp\/v2\/comments?post=199"}],"version-history":[{"count":1,"href":"https:\/\/plinko-ball.games\/ro\/wp-json\/wp\/v2\/pages\/199\/revisions"}],"predecessor-version":[{"id":200,"href":"https:\/\/plinko-ball.games\/ro\/wp-json\/wp\/v2\/pages\/199\/revisions\/200"}],"wp:attachment":[{"href":"https:\/\/plinko-ball.games\/ro\/wp-json\/wp\/v2\/media?parent=199"}],"curies":[{"name":"wp","href":"https:\/\/api.w.org\/{rel}","templated":true}]}}